{"id":706,"date":"2025-10-27T12:27:14","date_gmt":"2025-10-27T12:27:14","guid":{"rendered":"https:\/\/xn--hato-kchen-feb.de\/?page_id=706"},"modified":"2025-11-03T20:36:36","modified_gmt":"2025-11-03T20:36:36","slug":"datenschutzerklaerung","status":"publish","type":"page","link":"https:\/\/xn--hato-kchen-feb.de\/?page_id=706","title":{"rendered":"Datenschutzerkl\u00e4rung"},"content":{"rendered":"\t\t<div data-elementor-type=\"wp-page\" data-elementor-id=\"706\" class=\"elementor elementor-706\" data-elementor-post-type=\"page\">\n\t\t\t\t<div class=\"elementor-element elementor-element-1331467 e-flex e-con-boxed e-con e-parent\" data-id=\"1331467\" data-element_type=\"container\" data-e-type=\"container\">\n\t\t\t\t\t<div class=\"e-con-inner\">\n\t\t\t\t<div class=\"elementor-element elementor-element-d99add3 elementor-widget-tablet__width-initial elementor-widget elementor-widget-text-editor\" data-id=\"d99add3\" data-element_type=\"widget\" data-e-type=\"widget\" data-widget_type=\"text-editor.default\">\n\t\t\t\t\t\t\t\t\t<p><span class=\"TextRun SCXW38450245 BCX8\" lang=\"DE-DE\" xml:lang=\"DE-DE\" data-contrast=\"auto\"><span class=\"NormalTextRun SCXW38450245 BCX8\">Der Schutz Ihrer personenbezogenen Daten ist der HATO K\u00fcchen GmbH (nachfolgend \u201eHATO K\u00fcchen\u201c, \u201ewir\u201c, \u201euns\u201c, \u201eunsere\u201c) ein besonders wichtiges Anliegen. <\/span><span class=\"NormalTextRun SCXW38450245 BCX8\">Nachfolgend informieren wir Sie dar\u00fcber, wie wir Ihre personenbezogenen Daten beim Besuch unserer Website verarbeiten.<\/span><\/span><span class=\"EOP SCXW38450245 BCX8\" data-ccp-props=\"{}\">\u00a0<\/span><\/p><h4>1. Verantwortlicher<\/h4><p>Verantwortlich f\u00fcr die Verarbeitung personenbezogener Daten:<\/p><p>HATO K\u00fcchen GmbH<br \/>Bahnhofstr. 15 <br \/>16818 Radensleben<\/p><p>Telefon: +49 (0) 33925 70286 <br \/>E-Mail: info@hato-kuechen.de<\/p><p>Vertreten durch den Gesch\u00e4ftsf\u00fchrer Herr Tommy Hartmann.<\/p><h4>2. Art, Zweck und Umfang der Datenverarbeitung<\/h4><h4>2.1 Cookies und Tracking\u00a0<\/h4><p><span data-contrast=\"auto\">Beim Besuch unserer Website werden keine Cookies zu Analyse-, Tracking- oder Marketingzwecken gesetzt. Es erfolgt kein Tracking Ihres Nutzerverhaltens, weder durch uns noch durch Dritte. Eine Analyse Ihres Besuchs findet nicht statt. Auch Dienste wie Google Analytics, Facebook Pixel oder vergleichbare Technologien kommen nicht zum Einsatz.<\/span><span data-ccp-props=\"{}\">\u00a0<\/span><\/p><h4>2.2 Server-Logfiles\u00a0<\/h4><p><span data-contrast=\"auto\">Im Rahmen der Nutzung unserer Internetseite wird aus technischen Gr\u00fcnden gleichzeitig auf den Webserver, auf dem die Internetseite betrieben (\u2018gehostet\u2018) wird, zugegriffen. Auf dem Webserver werden automatisch sog. Server-Logfiles, die die einzelnen Serverzugriffe protokollieren, erstellt. Insoweit werden gewisse personenbezogene Daten (z.B. Datum und Uhrzeit der Anfrage, angeforderter Webinhalt, Statuscode der Anfrage) verarbeitet.<\/span><span data-ccp-props=\"{}\">\u00a0<\/span><\/p><p>Wir hosten die Inhalte unserer Website bei folgendem Anbieter: <strong>Strato.<\/strong><\/p><p>Anbieter ist die Strato AG, Otto-Ostrowski-Stra\u00dfe 7, 10249 Berlin (nachfolgend \u201eStrato\u201c). Wenn Sie unsere Website besuchen, erfasst Strato verschiedene Logfiles inklusive Ihrer IP-Adressen.<\/p><p>Weitere Informationen entnehmen Sie der Datenschutzerkl\u00e4rung von Strato: https:\/\/www.strato.de\/datenschutz\/.<\/p><p>Die Verwendung von Strato erfolgt auf Grundlage von Art. 6 Abs. 1 lit. f DSGVO. Wir haben ein berechtigtes Interesse an einer m\u00f6glichst zuverl\u00e4ssigen Darstellung unserer Website. Sofern eine entsprechende Einwilligung abgefragt wurde, erfolgt die Verarbeitung ausschlie\u00dflich auf Grundlage von Art. 6 Abs. 1 lit. a DSGVO und \u00a7 25 Abs. 1 TDDDG, soweit die Einwilligung die Speicherung von Cookies oder den Zugriff auf Informationen im Endger\u00e4t des Nutzers (z. B. Device-Fingerprinting) im Sinne des TDDDG umfasst. Die Einwilligung ist jederzeit widerrufbar<\/p><p><span data-contrast=\"auto\">Die Verarbeitung dieser Daten ist erforderlich, um die Inhalte unserer Website technisch bereitzustellen. Die Daten werden gel\u00f6scht, sobald sie f\u00fcr die Erreichung des jeweiligen Zwecks ihrer Verarbeitung nicht mehr erforderlich sind.<\/span><\/p><h4>2.3 Kontaktanfragen (Kontaktformular \/ E-Mail)<span data-ccp-props=\"{}\">\u00a0<\/span><\/h4><p><span data-contrast=\"auto\">Besucherinnen und Besucher unserer Internetseite k\u00f6nnen uns per E-Mail oder \u00fcber ein Kontaktformular kontaktieren. Im Zusammenhang mit Kontaktanfragen verarbeiten wir die jeweils angegebenen personenbezogenen Daten. Sofern sich Kontaktanfragen auf vertragliche bzw. vorvertragliche Zwecke beziehen, erfolgt die Datenverarbeitung auf Grundlage von Art. 6 Abs. 1 lit. b DSGVO. In den \u00fcbrigen F\u00e4llen erfolgt die Datenverarbeitung zum Zweck der Kommunikation mit den jeweiligen Personen und zur Wahrung unseres berechtigten Interesses, interessierten Personen eine einfache Kommunikationsm\u00f6glichkeit zu bieten (Art. 6 Abs. 1 lit. f DSGVO). Soweit diese Datenverarbeitung zur Wahrung dieses berechtigten Interesses erfolgt, haben betroffene Personen bei Vorliegen der jeweiligen Voraussetzungen das Recht, der Datenverarbeitung zu widersprechen (Art. 21 DSGVO).<\/span><span data-ccp-props=\"{}\">\u00a0<\/span><\/p><p><span data-contrast=\"auto\">Die mittels des Kontaktformulars verarbeiteten personenbezogenen Daten werden bis zur finalen Bearbeitung einer Kontaktanfrage gespeichert und anschlie\u00dfend gel\u00f6scht.<\/span><span data-ccp-props=\"{}\">\u00a0<\/span><\/p><h4>2.4 Anfrage per E-Mail, Telefon oder Telefax<\/h4><p>Wenn Sie uns per E-Mail, Telefon oder Telefax kontaktieren, wird Ihre Anfrage inklusive aller daraus hervorgehenden personenbezogenen Daten (Name, Anfrage) zum Zwecke der Bearbeitung Ihres Anliegens bei uns gespeichert und verarbeitet. Diese Daten geben wir nicht ohne Ihre Einwilligung weiter. Die Verarbeitung dieser Daten erfolgt auf Grundlage von Art. 6 Abs. 1 lit. b DSGVO, sofern Ihre Anfrage mit der Erf\u00fcllung eines Vertrags zusammenh\u00e4ngt oder zur Durchf\u00fchrung vorvertraglicher Ma\u00dfnahmen erforderlich ist. In allen \u00fcbrigen F\u00e4llen beruht die Verarbeitung auf unserem berechtigten Interesse an der effektiven Bearbeitung der an uns gerichteten Anfragen (Art. 6 Abs. 1 lit. f DSGVO) oder auf Ihrer Einwilligung (Art. 6 Abs. 1 lit. a DSGVO) sofern diese abgefragt wurde; die Einwilligung ist jederzeit widerrufbar. Die von Ihnen an uns per Kontaktanfragen \u00fcbersandten Daten verbleiben bei uns, bis Sie uns zur L\u00f6schung auffordern, Ihre Einwilligung zur Speicherung widerrufen oder der Zweck f\u00fcr die Datenspeicherung entf\u00e4llt (z. B. nach abgeschlossener Bearbeitung Ihres Anliegens). Zwingende gesetzliche Bestimmungen \u2013 insbesondere gesetzliche Aufbewahrungsfristen \u2013 bleiben unber\u00fchrt.<\/p><h4>2.5 Plugins und Tools<\/h4><p>Diese Seite nutzt den Kartendienst <strong>Google Maps<\/strong>.<\/p><p>Anbieter ist die Google Ireland Limited (\u201eGoogle\u201c), Gordon House, Barrow Street, Dublin 4, Irland.<\/p><p>Mit Hilfe dieses Dienstes k\u00f6nnen wir Kartenmaterial auf unserer Website einbinden. Zur Nutzung der Funktionen von Google Maps ist es notwendig, Ihre IP-Adresse zu speichern. Diese Informationen werden in der Regel an einen Server von Google in den USA \u00fcbertragen und dort gespeichert. Der Anbieter dieser Seite hat keinen Einfluss auf diese Daten\u00fcbertragung. Wenn Google Maps aktiviert ist, kann Google zum Zwecke der einheitlichen Darstellung der Schriftarten Google Fonts verwenden.<\/p><p>Beim Aufruf von Google Maps l\u00e4dt Ihr Browser die ben\u00f6tigten Web Fonts in ihren Browsercache, um Texte und Schriftarten korrekt anzuzeigen. Die Nutzung von Google Maps erfolgt im Interesse einer ansprechenden Darstellung unserer OnlineAngebote und an einer leichten Auffindbarkeit der von uns auf der Website angegebenen Orte. Dies stellt ein berechtigtes Interesse im Sinne von Art. 6 Abs. 1 lit. f DSGVO dar. Sofern eine entsprechende Einwilligung abgefragt wurde, erfolgt die Verarbeitung ausschlie\u00dflich auf Grundlage von Art. 6 Abs. 1 lit. a DSGVO und \u00a7 25 Abs. 1 TDDDG, soweit die Einwilligung die Speicherung von Cookies oder den Zugriff auf Informationen im Endger\u00e4t des Nutzers (z. B. Device-Fingerprinting) im Sinne des TDDDG umfasst. Die Einwilligung ist jederzeit widerrufbar. Die Daten\u00fcbertragung in die USA wird auf die Standardvertragsklauseln der EU-Kommission gest\u00fctzt.<\/p><p>Details finden Sie hier: https:\/\/privacy.google.com\/businesses\/gdprcontrollerterms\/ und https:\/\/privacy.google.com\/businesses\/gdprcontrollerterms\/sccs\/.<\/p><p>Mehr Informationen zum Umgang mit Nutzerdaten finden Sie in der Datenschutzerkl\u00e4rung von Google: https:\/\/policies.google.com\/privacy?hl=de.<\/p><p>Das Unternehmen verf\u00fcgt \u00fcber eine Zertifizierung nach dem \u201eEU-US Data Privacy Framework\u201c (DPF). Der DPF ist ein \u00dcbereinkommen zwischen der Europ\u00e4ischen Union und den USA, der die Einhaltung europ\u00e4ischer Datenschutzstandards bei Datenverarbeitungen in den USA gew\u00e4hrleisten soll. Jedes nach dem DPF zertifizierte Unternehmen verpflichtet sich, diese Datenschutzstandards einzuhalten. Weitere Informationen hierzu erhalten Sie vom Anbieter unter folgendem Link: https:\/\/www.dataprivacyframework.gov\/participant\/5780.<\/p><h4>2.6 Weitergabe personenbezogener Daten\u00a0<\/h4><p><span data-contrast=\"auto\">Eine Weitergabe personenbezogener Daten erfolgt ausschlie\u00dflich an Empf\u00e4nger, die zur Erf\u00fcllung der jeweiligen Zwecke erforderlich sind. Dazu z\u00e4hlen insbesondere:<\/span><span data-ccp-props=\"{}\">\u00a0<\/span><\/p><ul><li aria-setsize=\"-1\" data-leveltext=\"\uf0b7\" data-font=\"Symbol\" data-listid=\"1\" data-list-defn-props=\"{&quot;335552541&quot;:1,&quot;335559685&quot;:720,&quot;335559991&quot;:360,&quot;469769226&quot;:&quot;Symbol&quot;,&quot;469769242&quot;:[8226],&quot;469777803&quot;:&quot;left&quot;,&quot;469777804&quot;:&quot;\uf0b7&quot;,&quot;469777815&quot;:&quot;multilevel&quot;}\" data-aria-posinset=\"1\" data-aria-level=\"1\"><span data-contrast=\"auto\">IT-Dienstleister (z.<\/span><span data-contrast=\"auto\">\u202f<\/span><span data-contrast=\"auto\">B. Hosting, E-Mail-Provider)<\/span><span data-ccp-props=\"{}\">\u00a0<\/span><\/li><\/ul><ul><li aria-setsize=\"-1\" data-leveltext=\"\uf0b7\" data-font=\"Symbol\" data-listid=\"1\" data-list-defn-props=\"{&quot;335552541&quot;:1,&quot;335559685&quot;:720,&quot;335559991&quot;:360,&quot;469769226&quot;:&quot;Symbol&quot;,&quot;469769242&quot;:[8226],&quot;469777803&quot;:&quot;left&quot;,&quot;469777804&quot;:&quot;\uf0b7&quot;,&quot;469777815&quot;:&quot;multilevel&quot;}\" data-aria-posinset=\"2\" data-aria-level=\"1\"><span data-contrast=\"auto\">Zust\u00e4ndige Beh\u00f6rden im Rahmen gesetzlicher Verpflichtungen<\/span><span data-ccp-props=\"{}\">\u00a0<\/span><\/li><\/ul><ul><li aria-setsize=\"-1\" data-leveltext=\"\uf0b7\" data-font=\"Symbol\" data-listid=\"1\" data-list-defn-props=\"{&quot;335552541&quot;:1,&quot;335559685&quot;:720,&quot;335559991&quot;:360,&quot;469769226&quot;:&quot;Symbol&quot;,&quot;469769242&quot;:[8226],&quot;469777803&quot;:&quot;left&quot;,&quot;469777804&quot;:&quot;\uf0b7&quot;,&quot;469777815&quot;:&quot;multilevel&quot;}\" data-aria-posinset=\"3\" data-aria-level=\"1\"><span data-contrast=\"auto\">Interne Fachabteilungen der HATO K\u00fcchen GmbH<\/span><span data-ccp-props=\"{}\">\u00a0<\/span><\/li><\/ul><h4>2.7 Drittland\u00fcbermittlungen\u00a0<\/h4><p><span data-contrast=\"auto\">Eine \u00dcbermittlung personenbezogener Daten in Drittl\u00e4nder (z.<\/span><span data-contrast=\"auto\">\u202f<\/span><span data-contrast=\"auto\">B. USA) kann im Rahmen der Nutzung von IT-Dienstleistern erfolgen. In diesen F\u00e4llen stellen wir sicher, dass geeignete Garantien gem\u00e4\u00df Art. 46 DSGVO bestehen, insbesondere durch den Abschluss von EU-Standardvertragsklauseln.<\/span><span data-ccp-props=\"{}\">\u00a0<\/span><\/p><h4><span data-ccp-props=\"{}\">3. <\/span>Rechte der betroffenen Personen<\/h4><p><span data-contrast=\"auto\">Personen, deren personenbezogene Daten wir verarbeiten, stehen gem\u00e4\u00df der Datenschutz-Grundverordnung (DSGVO) verschiedene Rechte zu. Diese Rechte k\u00f6nnen unter den jeweils gesetzlichen Voraussetzungen geltend gemacht werden:<\/span><span data-ccp-props=\"{}\">\u00a0<\/span><\/p><ul><li><span data-contrast=\"auto\">Auskunft (Art. 15 DSGVO)<\/span><span data-ccp-props=\"{}\"><br \/><\/span>Sie haben das Recht, von uns eine Best\u00e4tigung dar\u00fcber zu verlangen, ob wir personenbezogene Daten von Ihnen verarbeiten. Ist dies der Fall, k\u00f6nnen Sie Auskunft \u00fcber diese Daten sowie weitere Informationen zur Datenverarbeitung verlangen.<span data-ccp-props=\"{}\">\u00a0<\/span><\/li><li><span data-contrast=\"auto\">Berichtigung (Art. 16 DSGVO)<\/span><span data-ccp-props=\"{}\"><br \/>Sollten Ihre personenbezogenen Daten unrichtig oder unvollst\u00e4ndig sein, haben Sie das Recht, eine unverz\u00fcgliche Berichtigung oder Vervollst\u00e4ndigung zu verlangen.\u00a0<\/span><\/li><li><span data-contrast=\"auto\">L\u00f6schung (Art. 17 DSGVO)<\/span><span data-ccp-props=\"{}\">\u00a0<br \/>Sie haben das Recht, die L\u00f6schung Ihrer personenbezogenen Daten zu verlangen, sofern einer der in Art. 17 DSGVO genannten Gr\u00fcnde vorliegt (z.\u202fB. wenn die Daten f\u00fcr die Zwecke, f\u00fcr die sie erhoben wurden, nicht mehr notwendig sind oder Sie Ihre Einwilligung widerrufen haben).\u00a0<\/span><\/li><\/ul><ul><li><span data-contrast=\"auto\">Einschr\u00e4nkung der Verarbeitung (Art. 18 DSGVO)<\/span><span data-ccp-props=\"{}\">\u00a0<br \/>Unter bestimmten Voraussetzungen k\u00f6nnen Sie die Einschr\u00e4nkung der Verarbeitung Ihrer personenbezogenen Daten verlangen \u2013 z.\u202fB. wenn Sie die Richtigkeit der Daten bestreiten oder die Verarbeitung unrechtm\u00e4\u00dfig ist.\u00a0<\/span><\/li><li><span data-contrast=\"auto\">Daten\u00fcbertragbarkeit (Art. 20 DSGVO)<\/span><span data-ccp-props=\"{}\">\u00a0<br \/>Sie haben das Recht, die Sie betreffenden personenbezogenen Daten, die Sie uns bereitgestellt haben, in einem strukturierten, g\u00e4ngigen und maschinenlesbaren Format zu erhalten oder \u2013 soweit technisch machbar \u2013 deren \u00dcbermittlung an einen anderen Verantwortlichen zu verlangen.\u00a0<\/span><\/li><li><span data-contrast=\"auto\">Widerspruchsrecht (Art. 21 DSGVO)<\/span><span data-ccp-props=\"{}\">\u00a0<br \/>Sofern wir Ihre Daten auf Grundlage eines berechtigten Interesses (Art. 6 Abs. 1 lit. f DSGVO) verarbeiten, haben Sie das Recht, aus Gr\u00fcnden, die sich aus Ihrer besonderen Situation ergeben, der Verarbeitung zu widersprechen. Wir verarbeiten die Daten dann nicht mehr, es sei denn, wir k\u00f6nnen zwingende schutzw\u00fcrdige Gr\u00fcnde nachweisen.\u00a0<\/span><\/li><li><span data-contrast=\"auto\">Widerruf einer Einwilligung (Art. 7 Abs. 3 DSGVO)<br \/>Sofern die Verarbeitung auf Ihrer Einwilligung beruht (Art. 6 Abs. 1 lit. a oder Art. 9 Abs. 2 lit. a DSGVO), k\u00f6nnen Sie diese jederzeit mit Wirkung f\u00fcr die Zukunft widerrufen. Die Rechtm\u00e4\u00dfigkeit der bis zum Widerruf erfolgten Verarbeitung bleibt unber\u00fchrt.\u00a0<\/span><\/li><li><span data-contrast=\"auto\">Beschwerderecht bei der Aufsichtsbeh\u00f6rde (Art. 77 DSGVO)<\/span><span data-ccp-props=\"{}\">\u00a0<br \/>Wenn Sie der Ansicht sind, dass die Verarbeitung Ihrer personenbezogenen Daten gegen die DSGVO verst\u00f6\u00dft, haben Sie das Recht, sich bei einer Datenschutzaufsichtsbeh\u00f6rde zu beschweren.\u00a0<\/span><\/li><\/ul><h4>Zust\u00e4ndige Aufsichtsbeh\u00f6rde f\u00fcr uns ist:\u00a0<\/h4><p><strong>Die Landesbeauftragte f\u00fcr den Datenschutz und f\u00fcr das Recht auf Akteneinsicht<\/strong><br \/>Stahnsdorfer Damm 77<br \/>14532 Kleinmachnow<\/p><p>Telefon: 033203\/356-0<br \/>Telefax: 033203\/356-49<br \/>E-Mail:\u00a0Poststelle@LDA.Brandenburg.de<\/p><p><span data-contrast=\"auto\">Eine automatisierte Entscheidungsfindung einschlie\u00dflich Profiling gem\u00e4\u00df Art. 22 DSGVO findet nicht statt.<\/span><span data-ccp-props=\"{}\">\u00a0<\/span><\/p><h4>Geltendmachung Ihrer Rechte:<\/h4><p><span data-contrast=\"auto\">Wenn Sie eines der oben genannten Rechte aus\u00fcben m\u00f6chten, k\u00f6nnen Sie sich jederzeit formlos an uns wenden. Bitte richten Sie Ihr Anliegen per E-Mail an info@hato-kuechen.de oder postalisch an:<\/span><span data-ccp-props=\"{}\">\u00a0<\/span><\/p><p>HATO K\u00fcchen GmbH<br \/>Bahnhofstr. 15 <br \/>16818 Radensleben<\/p><p><span data-contrast=\"auto\">Wir werden Ihr Anliegen gem\u00e4\u00df den gesetzlichen Vorgaben bearbeiten und Ihnen innerhalb eines Monats nach Eingang Ihrer Anfrage antworten. In bestimmten F\u00e4llen kann diese Frist um zwei weitere Monate verl\u00e4ngert werden \u2013 in diesem Fall informieren wir Sie rechtzeitig.<\/span><span data-ccp-props=\"{}\">\u00a0<\/span><\/p>\t\t\t\t\t\t\t\t<\/div>\n\t\t\t\t\t<\/div>\n\t\t\t\t<\/div>\n\t\t\t\t<\/div>\n\t\t","protected":false},"excerpt":{"rendered":"<p>Der Schutz Ihrer personenbezogenen Daten ist der HATO K\u00fcchen GmbH (nachfolgend \u201eHATO K\u00fcchen\u201c, \u201ewir\u201c, \u201euns\u201c, \u201eunsere\u201c) ein besonders wichtiges Anliegen. Nachfolgend informieren wir Sie dar\u00fcber, wie wir Ihre personenbezogenen Daten beim Besuch unserer Website verarbeiten.\u00a0 1. Verantwortlicher Verantwortlich f\u00fcr die Verarbeitung personenbezogener Daten: HATO K\u00fcchen GmbHBahnhofstr. 15 16818 Radensleben Telefon: +49 (0) 33925 70286 E-Mail: [&hellip;]<\/p>\n","protected":false},"author":1,"featured_media":0,"parent":0,"menu_order":0,"comment_status":"closed","ping_status":"closed","template":"","meta":{"footnotes":""},"class_list":["post-706","page","type-page","status-publish","hentry"],"yoast_head":"<!-- This site is optimized with the Yoast SEO plugin v27.3 - https:\/\/yoast.com\/product\/yoast-seo-wordpress\/ -->\n<title>Datenschutzerkl\u00e4rung - Hato K&uuml;chen GmbH<\/title>\n<meta name=\"robots\" content=\"index, follow, max-snippet:-1, max-image-preview:large, max-video-preview:-1\" \/>\n<link rel=\"canonical\" href=\"https:\/\/xn--hato-kchen-feb.de\/?page_id=706\" \/>\n<meta property=\"og:locale\" content=\"de_DE\" \/>\n<meta property=\"og:type\" content=\"article\" \/>\n<meta property=\"og:title\" content=\"Datenschutzerkl\u00e4rung - Hato K&uuml;chen GmbH\" \/>\n<meta property=\"og:description\" content=\"Der Schutz Ihrer personenbezogenen Daten ist der HATO K\u00fcchen GmbH (nachfolgend \u201eHATO K\u00fcchen\u201c, \u201ewir\u201c, \u201euns\u201c, \u201eunsere\u201c) ein besonders wichtiges Anliegen. Nachfolgend informieren wir Sie dar\u00fcber, wie wir Ihre personenbezogenen Daten beim Besuch unserer Website verarbeiten.\u00a0 1. Verantwortlicher Verantwortlich f\u00fcr die Verarbeitung personenbezogener Daten: HATO K\u00fcchen GmbHBahnhofstr. 15 16818 Radensleben Telefon: +49 (0) 33925 70286 E-Mail: [&hellip;]\" \/>\n<meta property=\"og:url\" content=\"https:\/\/xn--hato-kchen-feb.de\/?page_id=706\" \/>\n<meta property=\"og:site_name\" content=\"Hato K&uuml;chen GmbH\" \/>\n<meta property=\"article:modified_time\" content=\"2025-11-03T20:36:36+00:00\" \/>\n<meta name=\"twitter:card\" content=\"summary_large_image\" \/>\n<meta name=\"twitter:label1\" content=\"Gesch\u00e4tzte Lesezeit\" \/>\n\t<meta name=\"twitter:data1\" content=\"8\u00a0Minuten\" \/>\n<script type=\"application\/ld+json\" class=\"yoast-schema-graph\">{\"@context\":\"https:\\\/\\\/schema.org\",\"@graph\":[{\"@type\":\"WebPage\",\"@id\":\"https:\\\/\\\/xn--hato-kchen-feb.de\\\/?page_id=706\",\"url\":\"https:\\\/\\\/xn--hato-kchen-feb.de\\\/?page_id=706\",\"name\":\"Datenschutzerkl\u00e4rung - Hato K&uuml;chen GmbH\",\"isPartOf\":{\"@id\":\"https:\\\/\\\/xn--hato-kchen-feb.de\\\/#website\"},\"datePublished\":\"2025-10-27T12:27:14+00:00\",\"dateModified\":\"2025-11-03T20:36:36+00:00\",\"breadcrumb\":{\"@id\":\"https:\\\/\\\/xn--hato-kchen-feb.de\\\/?page_id=706#breadcrumb\"},\"inLanguage\":\"de\",\"potentialAction\":[{\"@type\":\"ReadAction\",\"target\":[\"https:\\\/\\\/xn--hato-kchen-feb.de\\\/?page_id=706\"]}]},{\"@type\":\"BreadcrumbList\",\"@id\":\"https:\\\/\\\/xn--hato-kchen-feb.de\\\/?page_id=706#breadcrumb\",\"itemListElement\":[{\"@type\":\"ListItem\",\"position\":1,\"name\":\"Startseite\",\"item\":\"https:\\\/\\\/xn--hato-kchen-feb.de\\\/\"},{\"@type\":\"ListItem\",\"position\":2,\"name\":\"Datenschutzerkl\u00e4rung\"}]},{\"@type\":\"WebSite\",\"@id\":\"https:\\\/\\\/xn--hato-kchen-feb.de\\\/#website\",\"url\":\"https:\\\/\\\/xn--hato-kchen-feb.de\\\/\",\"name\":\"Hato K\u00fcchen GmbH\",\"description\":\"Individuell geplante, hochwertige K&uuml;chen aus Radensleben bei Neuruppin &ndash; HATO K&uuml;chen: von der Idee &uuml;ber 3D-Planung bis zur Montage alles aus einer Hand. Jetzt Termin sichern!\",\"publisher\":{\"@id\":\"https:\\\/\\\/xn--hato-kchen-feb.de\\\/#organization\"},\"potentialAction\":[{\"@type\":\"SearchAction\",\"target\":{\"@type\":\"EntryPoint\",\"urlTemplate\":\"https:\\\/\\\/xn--hato-kchen-feb.de\\\/?s={search_term_string}\"},\"query-input\":{\"@type\":\"PropertyValueSpecification\",\"valueRequired\":true,\"valueName\":\"search_term_string\"}}],\"inLanguage\":\"de\"},{\"@type\":\"Organization\",\"@id\":\"https:\\\/\\\/xn--hato-kchen-feb.de\\\/#organization\",\"name\":\"Hato K\u00fcchen GmbH\",\"url\":\"https:\\\/\\\/xn--hato-kchen-feb.de\\\/\",\"logo\":{\"@type\":\"ImageObject\",\"inLanguage\":\"de\",\"@id\":\"https:\\\/\\\/xn--hato-kchen-feb.de\\\/#\\\/schema\\\/logo\\\/image\\\/\",\"url\":\"https:\\\/\\\/xn--hato-kchen-feb.de\\\/wp-content\\\/uploads\\\/2025\\\/10\\\/ICON-HATO.webp\",\"contentUrl\":\"https:\\\/\\\/xn--hato-kchen-feb.de\\\/wp-content\\\/uploads\\\/2025\\\/10\\\/ICON-HATO.webp\",\"width\":500,\"height\":500,\"caption\":\"Hato K\u00fcchen GmbH\"},\"image\":{\"@id\":\"https:\\\/\\\/xn--hato-kchen-feb.de\\\/#\\\/schema\\\/logo\\\/image\\\/\"}}]}<\/script>\n<!-- \/ Yoast SEO plugin. -->","yoast_head_json":{"title":"Datenschutzerkl\u00e4rung - Hato K&uuml;chen GmbH","robots":{"index":"index","follow":"follow","max-snippet":"max-snippet:-1","max-image-preview":"max-image-preview:large","max-video-preview":"max-video-preview:-1"},"canonical":"https:\/\/xn--hato-kchen-feb.de\/?page_id=706","og_locale":"de_DE","og_type":"article","og_title":"Datenschutzerkl\u00e4rung - Hato K&uuml;chen GmbH","og_description":"Der Schutz Ihrer personenbezogenen Daten ist der HATO K\u00fcchen GmbH (nachfolgend \u201eHATO K\u00fcchen\u201c, \u201ewir\u201c, \u201euns\u201c, \u201eunsere\u201c) ein besonders wichtiges Anliegen. Nachfolgend informieren wir Sie dar\u00fcber, wie wir Ihre personenbezogenen Daten beim Besuch unserer Website verarbeiten.\u00a0 1. Verantwortlicher Verantwortlich f\u00fcr die Verarbeitung personenbezogener Daten: HATO K\u00fcchen GmbHBahnhofstr. 15 16818 Radensleben Telefon: +49 (0) 33925 70286 E-Mail: [&hellip;]","og_url":"https:\/\/xn--hato-kchen-feb.de\/?page_id=706","og_site_name":"Hato K&uuml;chen GmbH","article_modified_time":"2025-11-03T20:36:36+00:00","twitter_card":"summary_large_image","twitter_misc":{"Gesch\u00e4tzte Lesezeit":"8\u00a0Minuten"},"schema":{"@context":"https:\/\/schema.org","@graph":[{"@type":"WebPage","@id":"https:\/\/xn--hato-kchen-feb.de\/?page_id=706","url":"https:\/\/xn--hato-kchen-feb.de\/?page_id=706","name":"Datenschutzerkl\u00e4rung - Hato K&uuml;chen GmbH","isPartOf":{"@id":"https:\/\/xn--hato-kchen-feb.de\/#website"},"datePublished":"2025-10-27T12:27:14+00:00","dateModified":"2025-11-03T20:36:36+00:00","breadcrumb":{"@id":"https:\/\/xn--hato-kchen-feb.de\/?page_id=706#breadcrumb"},"inLanguage":"de","potentialAction":[{"@type":"ReadAction","target":["https:\/\/xn--hato-kchen-feb.de\/?page_id=706"]}]},{"@type":"BreadcrumbList","@id":"https:\/\/xn--hato-kchen-feb.de\/?page_id=706#breadcrumb","itemListElement":[{"@type":"ListItem","position":1,"name":"Startseite","item":"https:\/\/xn--hato-kchen-feb.de\/"},{"@type":"ListItem","position":2,"name":"Datenschutzerkl\u00e4rung"}]},{"@type":"WebSite","@id":"https:\/\/xn--hato-kchen-feb.de\/#website","url":"https:\/\/xn--hato-kchen-feb.de\/","name":"Hato K\u00fcchen GmbH","description":"Individuell geplante, hochwertige K&uuml;chen aus Radensleben bei Neuruppin &ndash; HATO K&uuml;chen: von der Idee &uuml;ber 3D-Planung bis zur Montage alles aus einer Hand. Jetzt Termin sichern!","publisher":{"@id":"https:\/\/xn--hato-kchen-feb.de\/#organization"},"potentialAction":[{"@type":"SearchAction","target":{"@type":"EntryPoint","urlTemplate":"https:\/\/xn--hato-kchen-feb.de\/?s={search_term_string}"},"query-input":{"@type":"PropertyValueSpecification","valueRequired":true,"valueName":"search_term_string"}}],"inLanguage":"de"},{"@type":"Organization","@id":"https:\/\/xn--hato-kchen-feb.de\/#organization","name":"Hato K\u00fcchen GmbH","url":"https:\/\/xn--hato-kchen-feb.de\/","logo":{"@type":"ImageObject","inLanguage":"de","@id":"https:\/\/xn--hato-kchen-feb.de\/#\/schema\/logo\/image\/","url":"https:\/\/xn--hato-kchen-feb.de\/wp-content\/uploads\/2025\/10\/ICON-HATO.webp","contentUrl":"https:\/\/xn--hato-kchen-feb.de\/wp-content\/uploads\/2025\/10\/ICON-HATO.webp","width":500,"height":500,"caption":"Hato K\u00fcchen GmbH"},"image":{"@id":"https:\/\/xn--hato-kchen-feb.de\/#\/schema\/logo\/image\/"}}]}},"_links":{"self":[{"href":"https:\/\/xn--hato-kchen-feb.de\/index.php?rest_route=\/wp\/v2\/pages\/706","targetHints":{"allow":["GET"]}}],"collection":[{"href":"https:\/\/xn--hato-kchen-feb.de\/index.php?rest_route=\/wp\/v2\/pages"}],"about":[{"href":"https:\/\/xn--hato-kchen-feb.de\/index.php?rest_route=\/wp\/v2\/types\/page"}],"author":[{"embeddable":true,"href":"https:\/\/xn--hato-kchen-feb.de\/index.php?rest_route=\/wp\/v2\/users\/1"}],"replies":[{"embeddable":true,"href":"https:\/\/xn--hato-kchen-feb.de\/index.php?rest_route=%2Fwp%2Fv2%2Fcomments&post=706"}],"version-history":[{"count":0,"href":"https:\/\/xn--hato-kchen-feb.de\/index.php?rest_route=\/wp\/v2\/pages\/706\/revisions"}],"wp:attachment":[{"href":"https:\/\/xn--hato-kchen-feb.de\/index.php?rest_route=%2Fwp%2Fv2%2Fmedia&parent=706"}],"curies":[{"name":"wp","href":"https:\/\/api.w.org\/{rel}","templated":true}]}}